{"id":282,"date":"2023-05-05T09:21:33","date_gmt":"2023-05-05T09:21:33","guid":{"rendered":"https:\/\/aralarkoadiskideak.org\/?page_id=282"},"modified":"2023-06-06T08:32:45","modified_gmt":"2023-06-06T08:32:45","slug":"politica-de-privacidad","status":"publish","type":"page","link":"https:\/\/aralarkoadiskideak.org\/es\/politica-de-privacidad\/","title":{"rendered":"Pol\u00edtica de privacidad"},"content":{"rendered":"<section class=\"bde-section-282-100 bde-section\">\n              \n  \n  \n\t\n\n  <div class=\"section-background-overlay\"><\/div>\n\n\n        <div class=\"section-shape-divider-wrapper section-shape-divider-wrapper--1\">\n          <span class=\"section-shape-divider\">\n                      <svg\n                xmlns=\"http:\/\/www.w3.org\/2000\/svg\"\n                viewBox=\"0 0 1440 320\"\n                preserveAspectRatio=\"none\"\n            >\n              <path d=\"M1440 0 720 300 0 0v320h1440V0Z\" fill=\"currentColor\"\/>\n            <\/svg>\n                    <\/span>\n      <\/div>\n  <div class=\"section-container\"><h1 class=\"bde-heading-282-101 bde-heading\">\nPol\u00edtica de privacidad\n<\/h1><\/div>\n<\/section><section class=\"bde-section-282-102 bde-section\">\n              \n  \n  \n\t\n\n  <div class=\"section-background-overlay\"><\/div>\n\n\n<div class=\"section-container\"><div class=\"bde-rich-text-282-103 bde-rich-text breakdance-rich-text-styles\">\n<p>En cumplimiento de lo previsto en el Reglamento General de Protecci\u00f3n de Datos de la Uni\u00f3n Europea (\u201cRGPD\u201d), as\u00ed como la normativa nacional que en su caso resulte de aplicaci\u00f3n, le informamos de que los datos de car\u00e1cter personal facilitados por su parte ser\u00e1n objeto de tratamiento en los t\u00e9rminos que se indican a continuaci\u00f3n..<\/p><h2><strong>RESPONSABLE DEL TRATAMIENTO<\/strong><\/h2><p>Los datos de contacto del responsable del tratamiento de los datos son:<br><br><strong>Raz\u00f3n Social<\/strong>: ARALARKO ADISKIDEAK<br><strong>Direcci\u00f3n postal:<\/strong> Araba Etorbidea, 5, 20400 Tolosa, Gipuzkoa.<br><strong>Tel\u00e9fono:<\/strong>&nbsp;+34 943 470 007<br><strong>Correo:<\/strong>&nbsp;<a href=\"mailto:a.adiskideak@outlook.com\"><strong>a.adiskideak@outlook.com<\/strong><\/a><\/p><h2><strong>TRATAMIENTO DE DATOS PERSONALES<\/strong><\/h2><p>La finalidad del tratamiento de los datos personales que se puedan recoger son usarlos principalmente por ARALARKO ADISKIDEAK para la gesti\u00f3n de su relaci\u00f3n con usted, mejorar su experiencia de usuario y para el tratamiento de sus solicitudes.<\/p><p>Los datos proporcionados se conservar\u00e1n mientras se mantenga la relaci\u00f3n comercial, siempre que no se solicite por el interesado su supresi\u00f3n o durante los a\u00f1os necesarios para cumplir las obligaciones legales.<\/p><p>Salvo que el Usuario se oponga, enviando un email a la direcci\u00f3n de correo electr\u00f3nico&nbsp;<a href=\"mailto:a.adiskideak@outlook.com\"><strong><u>a.adiskideak@outlook.com<\/u><\/strong><\/a>, sus datos podr\u00e1n ser utilizados, si procede, para el env\u00edo de informaci\u00f3n de ARALARKO ADISKIDEAK.<\/p><h2><strong>DESTINATARIOS DE LOS DATOS DE CAR\u00c1CTER PERSONAL<\/strong><\/h2><p>Los datos personales del Usuario podr\u00e1n eventualmente ser comunicados a terceros relacionados con ARALARKO ADISKIDEAK por contrato para la realizaci\u00f3n de las tareas necesarias para la gesti\u00f3n de su cuenta como cliente y sin que tenga que dar su autorizaci\u00f3n.<br><br>Tambi\u00e9n cuando tuvieran que hacerse comunicaciones a las autoridades en caso de que el Usuario hubiera realizado acciones contrarias a la Ley o incumplido el contenido del&nbsp;<a href=\"https:\/\/aralarkoadiskideak.org\/aviso-legal\/\"><u>Aviso Legal<\/u><\/a>.<br><br>Cuando algunos datos sean obligatorios para acceder a funcionalidad concretas del sitio web, ARALARKO ADISKIDEAK indicar\u00e1 dicho car\u00e1cter obligatorio en el momento de la recogida de datos del Usuario.<\/p><h2><strong>DERECHOS DEL USUARIO<\/strong><\/h2><p>Se informa al usuario de la posibilidad de ejercer sus derechos de acceso, rectificaci\u00f3n, cancelaci\u00f3n y oposici\u00f3n.<\/p><p>Podr\u00e1 acceder y ejercitar esos derechos mediante solicitud por escrito y firmada que podr\u00e1 ser enviada al domicilio:&nbsp;Araba Etorbidea, 5, 20400 Tolosa, Gipuzkoa, adjuntando fotocopia del DNI o documento equivalente. Tambi\u00e9n podr\u00e1 ser enviada la solicitud al siguiente correo electr\u00f3nico:&nbsp;<a href=\"mailto:a.adiskideak@outlook.com\"><strong><u>a.adiskideak@outlook.com<\/u><\/strong><\/a><\/p><p>Estos derechos ser\u00e1n atendidos, en el plazo de 1 mes, que podr\u00e1 ampliarse a 2 meses si la complejidad de la solicitud o el n\u00famero de solicitudes recibidas as\u00ed lo exige. Todo ello sin perjuicio del deber de conservar ciertos datos en los t\u00e9rminos legales y hasta que prescriban las posibles responsabilidades derivadas de un posible tratamiento, o, en su caso, de una relaci\u00f3n contractual. Adem\u00e1s de lo anterior, y en relaci\u00f3n con la normativa de protecci\u00f3n de datos, los usuarios que lo soliciten tienen la posibilidad de organizar el destino de sus datos despu\u00e9s de su fallecimiento.<\/p><p>El usuario tiene la posibilidad de presentar una reclamaci\u00f3n ante la AEPD (Agencia Espa\u00f1ola de Protecci\u00f3n de Datos) u organismo competente de la respectiva Comunidad Aut\u00f3noma, cuando no haya obtenido una soluci\u00f3n satisfactoria en el ejercicio de sus derechos mediante un escrito dirigido a la misma.<\/p><p>El Usuario es responsable de que la informaci\u00f3n que proporciones a trav\u00e9s de esta p\u00e1gina web sea cierta, respondiendo de la exactitud de todos los datos que comunique y mantendr\u00e1 actualizada la misma para que reflejen una situaci\u00f3n real, siendo responsable de informaciones falsas o inexactas que proporcione y de los da\u00f1os, molestias y problemas que pudieran causar a ARALARKO ADISKIDEAK.<\/p><p>Esa informaci\u00f3n ser\u00e1 guardada y gestionada con da debida confidencialidad, aplicando las medidas de seguridad inform\u00e1tica necesarias para impedir el acceso o uso indebido de sus datos, su manipulaci\u00f3n, deterioro o p\u00e9rdida.<\/p><p>No obstante, el Usuario debe tener en cuenta que la seguridad de los sistemas inform\u00e1ticos nunca es absoluta. Cuando se facilitan datos personales por internet, dicha informaci\u00f3n pudiera ser recogida sin su consentimiento y tratada por terceros no autorizados. ARALARKO ADISKIDEAK rechaza, cualquier tipo de responsabilidad sobre las consecuencias de esos actos puedan tener para el usuario, si public\u00f3 la informaci\u00f3n voluntariamente.<\/p>\n<\/div><\/div>\n<\/section>","protected":false},"excerpt":{"rendered":"<p>Pol\u00edtica de privacidad En cumplimiento de lo previsto en el Reglamento General de Protecci\u00f3n de Datos de la Uni\u00f3n Europea (\u201cRGPD\u201d), as\u00ed como la normativa nacional que en su caso resulte de aplicaci\u00f3n, le informamos de que los datos de car\u00e1cter personal facilitados por su parte ser\u00e1n objeto de tratamiento en los t\u00e9rminos que se [&hellip;]<\/p>\n","protected":false},"author":1,"featured_media":0,"parent":0,"menu_order":0,"comment_status":"closed","ping_status":"closed","template":"","meta":{"_trash_the_other_posts":false,"_breakdance_hide_in_design_set":false,"_breakdance_tags":"","editor_notices":[],"footnotes":""},"class_list":["post-282","page","type-page","status-publish","hentry"],"aioseo_notices":[],"_links":{"self":[{"href":"https:\/\/aralarkoadiskideak.org\/es\/wp-json\/wp\/v2\/pages\/282","targetHints":{"allow":["GET"]}}],"collection":[{"href":"https:\/\/aralarkoadiskideak.org\/es\/wp-json\/wp\/v2\/pages"}],"about":[{"href":"https:\/\/aralarkoadiskideak.org\/es\/wp-json\/wp\/v2\/types\/page"}],"author":[{"embeddable":true,"href":"https:\/\/aralarkoadiskideak.org\/es\/wp-json\/wp\/v2\/users\/1"}],"replies":[{"embeddable":true,"href":"https:\/\/aralarkoadiskideak.org\/es\/wp-json\/wp\/v2\/comments?post=282"}],"version-history":[{"count":9,"href":"https:\/\/aralarkoadiskideak.org\/es\/wp-json\/wp\/v2\/pages\/282\/revisions"}],"predecessor-version":[{"id":428,"href":"https:\/\/aralarkoadiskideak.org\/es\/wp-json\/wp\/v2\/pages\/282\/revisions\/428"}],"wp:attachment":[{"href":"https:\/\/aralarkoadiskideak.org\/es\/wp-json\/wp\/v2\/media?parent=282"}],"curies":[{"name":"wp","href":"https:\/\/api.w.org\/{rel}","templated":true}]}}